{"id":1640,"date":"2023-03-21T10:31:23","date_gmt":"2023-03-21T09:31:23","guid":{"rendered":"https:\/\/relevantfilm.clusterzone.de\/?page_id=1640"},"modified":"2026-01-06T12:29:54","modified_gmt":"2026-01-06T11:29:54","slug":"kontakt","status":"publish","type":"page","link":"https:\/\/relevantfilm.de\/?page_id=1640","title":{"rendered":"Kontakt"},"content":{"rendered":"<h1>Kontakt<\/h1>\n<h2>Sie werden uns gut finden.<\/h2>\n<h4>Relevant Film Produktion GmbH<\/h4>\n<div>\n<p>Hoheluftchaussee 95a\u00a0<br \/>D \u2013 20253 Hamburg<\/p>\n<p>Telefon +49 (0)40 413 27 10<br \/>Fax +49 (0)40 413 27 177<\/p>\n<p>info(at)relevantfilm.de<br \/>www.relevantfilm.de<\/p>\n<p>Hier geht\u2019s zum\u00a0<a href=\"https:\/\/relevantfilm.de\/?page_id=4\"><strong>Team.<\/strong><\/a><\/p>\n<\/div>\n<h4>So kommen Sie zu uns:<\/h4>\n<div>\n<p>Hoheluftchaussee: Eingang durch Hofeinfahrt \u201aFactory\u2018 (Gewerbehof).<br \/>Das Geb\u00e4ude Nr. 95 a befindet sich im Hof hinten links.<\/p>\n<\/div>\n<h4>Mit \u00f6ffentlichen Verkehrsmitteln<strong><\/strong><\/h4>\n<div>\n<p>U-Bahn-Linie U3 bis &#8218;Hoheluftbr\u00fccke&#8216; (f\u00e4hrt ab Hauptbahnhof). Von dort aus ca. 5 Min. Fu\u00dfweg: Hoheluftchaussee Richtung Norden<br \/><strong>oder<\/strong>\u00a0Bus-Linie 5 bis &#8218;Eppendorfer Weg (Ost)&#8216; (f\u00e4hrt ab Hauptbahnhof \/ Bahnhof Dammtor\/ U-Bahn Hoheluftbr\u00fccke).<br \/>Die Bushaltestelle befindet sich direkt gegen\u00fcber des Eingangs zum Gewerbehof &#8218;Factory&#8216;.<\/p>\n<\/div>\n<h4>Mit dem Fahrrad<strong><\/strong><\/h4>\n<div>\n<p>Hier ist ein <a href=\"https:\/\/geofox.hvv.de\/web\/de\/connections?clear=true&#038;language=de\">Routenplaner<\/a>\u00a0auch f\u00fcr Fahrradstrecken!<\/p>\n<\/div>\n<h4>Mit dem Auto<\/h4>\n<div>\n<p>Die Zufahrt auf unseren  Hof an der Hoheluftchaussee ist nur aus Richtung Norden m\u00f6glich, (U-Turn an der Kreuzung Hoheluftchaussee\/G\u00e4rtnerstra\u00dfe m\u00f6glich). Parkpl\u00e4tze auf dem Hof sind leider nicht verf\u00fcgbar.<\/p>\n<\/div>\n<h4>Sie m\u00f6chten sich bewerben:<strong><\/strong><\/h4>\n<div>\n<p>Ideen f\u00fcr Stoffe<br \/>Wir produzieren ausschlie\u00dflich fiktionale Stoffe und entwickeln diese mit einem eigenen Pool an kreativen Kolleg:innen f\u00fcr Stoffentwicklung und Produktion.<\/p>\n<p>Wir k\u00f6nnen daher leider grunds\u00e4tzlich keine unaufgefordert eingereichten Ideen oder Stoffe annehmen. Ihre Unterlagen werden nicht gelesen und Zuschriften k\u00f6nnen nicht beantwortet werden.<br \/>Sollten Sie dennoch Ideen oder Stoffe unaufgefordert einreichen, erkennen Sie an, dass uns durch eine solche Einreichung keinerlei Verpflichtungen entstehen und dass Sie keine Anspr\u00fcche auf Grund Ihrer Einreichung geltend machen k\u00f6nnen, insbesondere nicht auf eine Einsch\u00e4tzung.<\/p>\n<p>Wir bitten um Verst\u00e4ndnis und w\u00fcnschen Ihnen viel Erfolg.<\/p>\n<\/div>\n<h4><strong>Praktika<\/strong><\/h4>\n<div>\n<p>Bei uns kann man Praktika zur Berufsorientierung nur w\u00e4hrend einer Produktion absolvieren. Wir nehmen Praktikant:innen bis zu maximal drei Monaten Dauer in den verschiedenen Abteilungen der Produktion. Bitte erkundigt euch vorher telefonisch.<br \/>Schulpraktika bieten wir leider nicht an.<\/p>\n<\/div>\n<h4>Du willst zum Film?<\/h4>\n<div>\n<p><strong><a href=\"https:\/\/ichwillzumfilm.de\/infos-tipps-tricks\/\">Infos, Tipps &amp; Tricks!<\/a>\u00a0<\/strong>(externer Link)<\/p>\n<\/div>\n<h4>Casting<strong><\/strong><\/h4>\n<div>\n<p>Wir arbeiten mit allen Casting- und Schauspiel-Agenturen zusammen. Ebenso mit allen Komparsen-Casting-Agenturen in den St\u00e4dten, in denen wir drehen. Bitte wenden sie sich dorthin \u2013 wir f\u00fchren kein eigenes Archiv f\u00fcr Besetzung.<\/p>\n<\/div>\n<h2>\n<p class=\"uk-text-center uk-scrollspy-inview \">Sie m\u00f6chten uns eine Mitteilung senden?<\/p>\n<\/h2>\n<p><p>\n        <a href=\"mailto:info@relevantfilm.de\">Kontakt<\/a>\n    <\/p>\n<\/p>\n<p><!--more--><br \/>\n<!-- {\"type\":\"layout\",\"children\":[{\"type\":\"section\",\"props\":{\"animation\":\"fade\",\"class\":\"uk-text-center\",\"image\":\"wp-content\\\/uploads\\\/2023\\\/03\\\/Banner-Rocca-veraendert-die-Welt.jpg\",\"image_loading\":true,\"image_position\":\"center-center\",\"image_size\":\"cover\",\"image_width\":\"2560\",\"padding\":\"xlarge\",\"style\":\"default\",\"title_breakpoint\":\"xl\",\"title_position\":\"top-left\",\"title_rotation\":\"left\",\"vertical_align\":\"\",\"width\":\"\"},\"children\":[{\"type\":\"row\",\"children\":[{\"type\":\"column\",\"props\":{\"image_position\":\"center-center\",\"padding\":\"none\",\"position_sticky_breakpoint\":\"m\",\"text_color\":\"light\",\"width_medium\":\"1-1\"},\"children\":[{\"type\":\"headline\",\"props\":{\"class\":\"uk-display-inline-block\",\"content\":\"Kontakt\",\"text_align\":\"center\",\"title_decoration\":\"divider\",\"title_element\":\"h1\"}}]}]}],\"name\":\"Hero\"},{\"type\":\"section\",\"props\":{\"animation\":\"fade\",\"image_position\":\"center-center\",\"padding\":\"large\",\"style\":\"default\",\"title_breakpoint\":\"xl\",\"title_position\":\"top-left\",\"title_rotation\":\"left\",\"vertical_align\":\"\",\"width\":\"large\"},\"children\":[{\"type\":\"row\",\"children\":[{\"type\":\"column\",\"props\":{\"image_position\":\"center-center\",\"position_sticky_breakpoint\":\"m\",\"width_medium\":\"1-1\"},\"children\":[{\"type\":\"headline\",\"props\":{\"content\":\"Sie werden uns gut finden.\",\"title_decoration\":\"bullet\",\"title_element\":\"h2\"}}]}]},{\"type\":\"row\",\"props\":{\"layout\":\"1-2,1-2\"},\"children\":[{\"type\":\"column\",\"props\":{\"image_position\":\"center-center\",\"position_sticky_breakpoint\":\"m\",\"width_medium\":\"1-2\"},\"children\":[{\"type\":\"headline\",\"props\":{\"content\":\"Relevant Film Produktion GmbH\",\"title_decoration\":\"bullet\",\"title_element\":\"h4\"}},{\"type\":\"text\",\"props\":{\"animation\":\"none\",\"column_breakpoint\":\"m\",\"column_divider\":true,\"content\":\"\n\n<p>Hoheluftchaussee 95a\\u00a0<br \\\/>D \\u2013 20253 Hamburg<\\\/p>\\n\n\n<p>Telefon +49 (0)40 413 27 10<br \\\/>Fax +49 (0)40 413 27 177<\\\/p>\\n\n\n<p>info(at)relevantfilm.de<br \\\/>www.relevantfilm.de<\\\/p>\\n\n\n<p>Hier geht\\u2019s zum\\u00a0<a href=\\\"https:\\\/\\\/relevantfilm.de\\\/?page_id=4\\\"><strong>Team.<\\\/strong><\\\/a><\\\/p>\",\"margin\":\"medium\"}},{\"type\":\"headline\",\"props\":{\"content\":\"So kommen Sie zu uns:\",\"title_decoration\":\"bullet\",\"title_element\":\"h4\"}},{\"type\":\"text\",\"props\":{\"animation\":\"none\",\"column_breakpoint\":\"m\",\"column_divider\":true,\"content\":\"\n\n<p>Hoheluftchaussee: Eingang durch Hofeinfahrt \\u201aFactory\\u2018 (Gewerbehof).<br \\\/>Das Geb\\u00e4ude Nr. 95 a befindet sich im Hof hinten links.<\\\/p>\",\"margin\":\"medium\"}},{\"type\":\"headline\",\"props\":{\"content\":\"Mit \\u00f6ffentlichen Verkehrsmitteln<strong><\\\/strong>\",\"title_decoration\":\"bullet\",\"title_element\":\"h4\"}},{\"type\":\"text\",\"props\":{\"animation\":\"none\",\"column_breakpoint\":\"m\",\"column_divider\":true,\"content\":\"\n\n<p>U-Bahn-Linie U3 bis 'Hoheluftbr\\u00fccke' (f\\u00e4hrt ab Hauptbahnhof). Von dort aus ca. 5 Min. Fu\\u00dfweg: Hoheluftchaussee Richtung Norden<br \\\/><strong>oder<\\\/strong>\\u00a0Bus-Linie 5 bis 'Eppendorfer Weg (Ost)' (f\\u00e4hrt ab Hauptbahnhof \\\/ Bahnhof Dammtor\\\/ U-Bahn Hoheluftbr\\u00fccke).<br \\\/>Die Bushaltestelle befindet sich direkt gegen\\u00fcber des Eingangs zum Gewerbehof 'Factory'.<\\\/p>\",\"margin\":\"medium\"}},{\"type\":\"headline\",\"props\":{\"content\":\"Mit dem Fahrrad<strong><\\\/strong>\",\"title_decoration\":\"bullet\",\"title_element\":\"h4\"}},{\"type\":\"text\",\"props\":{\"animation\":\"none\",\"column_breakpoint\":\"m\",\"column_divider\":true,\"content\":\"\n\n<p>Hier ist ein <a href=\\\"https:\\\/\\\/geofox.hvv.de\\\/web\\\/de\\\/connections?clear=true&language=de\\\">Routenplaner<\\\/a>\\u00a0auch f\\u00fcr Fahrradstrecken!<\\\/p>\",\"margin\":\"medium\"}},{\"type\":\"headline\",\"props\":{\"content\":\"Mit dem Auto\",\"title_decoration\":\"bullet\",\"title_element\":\"h4\"}},{\"type\":\"text\",\"props\":{\"animation\":\"none\",\"column_breakpoint\":\"m\",\"column_divider\":true,\"content\":\"\n\n<p>Die Zufahrt auf unseren  Hof an der Hoheluftchaussee ist nur aus Richtung Norden m\\u00f6glich, (U-Turn an der Kreuzung Hoheluftchaussee\\\/G\\u00e4rtnerstra\\u00dfe m\\u00f6glich). Parkpl\\u00e4tze auf dem Hof sind leider nicht verf\\u00fcgbar.<\\\/p>\",\"margin\":\"medium\"}}]},{\"type\":\"column\",\"props\":{\"image_position\":\"center-center\",\"position_sticky_breakpoint\":\"m\",\"width_medium\":\"1-2\"},\"children\":[{\"type\":\"headline\",\"props\":{\"content\":\"Sie m\\u00f6chten sich bewerben:<strong><\\\/strong>\",\"title_decoration\":\"bullet\",\"title_element\":\"h4\"}},{\"type\":\"text\",\"props\":{\"animation\":\"none\",\"column_breakpoint\":\"m\",\"column_divider\":true,\"content\":\"\n\n<p>Ideen f\\u00fcr Stoffe<br \\\/>Wir produzieren ausschlie\\u00dflich fiktionale Stoffe und entwickeln diese mit einem eigenen Pool an kreativen Kolleg:innen f\\u00fcr Stoffentwicklung und Produktion.<\\\/p>\\n\n\n<p>Wir k\\u00f6nnen daher leider grunds\\u00e4tzlich keine unaufgefordert eingereichten Ideen oder Stoffe annehmen. Ihre Unterlagen werden nicht gelesen und Zuschriften k\\u00f6nnen nicht beantwortet werden.<br \\\/>Sollten Sie dennoch Ideen oder Stoffe unaufgefordert einreichen, erkennen Sie an, dass uns durch eine solche Einreichung keinerlei Verpflichtungen entstehen und dass Sie keine Anspr\\u00fcche auf Grund Ihrer Einreichung geltend machen k\\u00f6nnen, insbesondere nicht auf eine Einsch\\u00e4tzung.<\\\/p>\\n\n\n<p>Wir bitten um Verst\\u00e4ndnis und w\\u00fcnschen Ihnen viel Erfolg.<\\\/p>\",\"margin\":\"medium\"}},{\"type\":\"headline\",\"props\":{\"content\":\"<strong>Praktika<\\\/strong>\",\"title_decoration\":\"bullet\",\"title_element\":\"h4\"}},{\"type\":\"text\",\"props\":{\"animation\":\"none\",\"column_breakpoint\":\"m\",\"column_divider\":true,\"content\":\"\n\n<p>Bei uns kann man Praktika zur Berufsorientierung nur w\\u00e4hrend einer Produktion absolvieren. Wir nehmen Praktikant:innen bis zu maximal drei Monaten Dauer in den verschiedenen Abteilungen der Produktion. Bitte erkundigt euch vorher telefonisch.<br \\\/>Schulpraktika bieten wir leider nicht an.<\\\/p>\",\"margin\":\"medium\"}},{\"type\":\"headline\",\"props\":{\"content\":\"Du willst zum Film?\",\"title_decoration\":\"bullet\",\"title_element\":\"h4\"}},{\"type\":\"text\",\"props\":{\"animation\":\"none\",\"column_breakpoint\":\"m\",\"column_divider\":true,\"content\":\"\n\n<p><strong><a href=\\\"https:\\\/\\\/ichwillzumfilm.de\\\/infos-tipps-tricks\\\/\\\">Infos, Tipps &amp; Tricks!<\\\/a>\\u00a0<\\\/strong>(externer Link)<\\\/p>\",\"margin\":\"medium\"}},{\"type\":\"headline\",\"props\":{\"content\":\"Casting<strong><\\\/strong>\",\"title_decoration\":\"bullet\",\"title_element\":\"h4\"}},{\"type\":\"text\",\"props\":{\"animation\":\"none\",\"column_breakpoint\":\"m\",\"column_divider\":true,\"content\":\"\n\n<p>Wir arbeiten mit allen Casting- und Schauspiel-Agenturen zusammen. Ebenso mit allen Komparsen-Casting-Agenturen in den St\\u00e4dten, in denen wir drehen. Bitte wenden sie sich dorthin \\u2013 wir f\\u00fchren kein eigenes Archiv f\\u00fcr Besetzung.<\\\/p>\",\"margin\":\"medium\"}}]}]}],\"name\":\"About\"},{\"type\":\"section\",\"props\":{\"animation\":\"slide-left-small\",\"image_position\":\"center-center\",\"padding\":\"large\",\"style\":\"muted\",\"title_breakpoint\":\"xl\",\"title_position\":\"top-left\",\"title_rotation\":\"left\",\"vertical_align\":\"\",\"width\":\"expand\"},\"children\":[{\"type\":\"row\",\"children\":[{\"type\":\"column\",\"props\":{\"image_position\":\"center-center\",\"padding\":\"none\",\"position_sticky_breakpoint\":\"m\",\"width_medium\":\"1-1\"},\"children\":[{\"type\":\"headline\",\"props\":{\"content\":\"\n\n<p class=\\\"uk-text-center uk-scrollspy-inview \\\">Sie m\\u00f6chten uns eine Mitteilung senden?<\\\/p>\",\"text_align\":\"center\",\"title_element\":\"h2\"}},{\"type\":\"button\",\"props\":{\"button_size\":\"large\",\"grid_column_gap\":\"small\",\"grid_row_gap\":\"small\",\"margin\":\"large\",\"text_align\":\"center\"},\"children\":[{\"type\":\"button_item\",\"props\":{\"button_style\":\"primary\",\"content\":\"Kontakt\",\"dialog_layout\":\"modal\",\"dialog_offcanvas_flip\":true,\"icon_align\":\"left\",\"link\":\"mailto:info@relevantfilm.de\"}}]}]}]}],\"name\":\"Call to Action\"}],\"version\":\"4.5.33\"} --><\/p>\n","protected":false},"excerpt":{"rendered":"<p>Kontakt Sie werden uns gut finden. Relevant Film Produktion GmbH Hoheluftchaussee 95a\u00a0D \u2013 20253 Hamburg Telefon +49 (0)40 413 27 10Fax +49 (0)40 413 27 177 info(at)relevantfilm.dewww.relevantfilm.de Hier geht\u2019s zum\u00a0Team. So kommen Sie zu uns: Hoheluftchaussee: Eingang durch Hofeinfahrt \u201aFactory\u2018 (Gewerbehof).Das Geb\u00e4ude Nr. 95 a befindet sich im Hof hinten links. Mit \u00f6ffentlichen Verkehrsmitteln U-Bahn-Linie [&hellip;]<\/p>\n","protected":false},"author":3,"featured_media":0,"parent":0,"menu_order":5,"comment_status":"closed","ping_status":"closed","template":"","meta":{"_acf_changed":false,"footnotes":""},"class_list":["post-1640","page","type-page","status-publish","hentry"],"acf":[],"yoast_head":"<!-- This site is optimized with the Yoast SEO plugin v27.5 - https:\/\/yoast.com\/product\/yoast-seo-wordpress\/ -->\n<title>Kontakt - Relevant Film Hamburg<\/title>\n<meta name=\"description\" content=\"Nehmen Sie Kontakt zu uns auf, Sie werden uns gut finden.\" \/>\n<meta name=\"robots\" content=\"index, follow, max-snippet:-1, max-image-preview:large, max-video-preview:-1\" \/>\n<link rel=\"canonical\" href=\"https:\/\/relevantfilm.de\/?page_id=1640\" \/>\n<meta property=\"og:locale\" content=\"de_DE\" \/>\n<meta property=\"og:type\" content=\"article\" \/>\n<meta property=\"og:title\" content=\"Kontakt - Relevant Film Hamburg\" \/>\n<meta property=\"og:description\" content=\"Nehmen Sie Kontakt zu uns auf, Sie werden uns gut finden.\" \/>\n<meta property=\"og:url\" content=\"https:\/\/relevantfilm.de\/?page_id=1640\" \/>\n<meta property=\"og:site_name\" content=\"Relevant Film\" \/>\n<meta property=\"article:modified_time\" content=\"2026-01-06T11:29:54+00:00\" \/>\n<meta name=\"twitter:card\" content=\"summary_large_image\" \/>\n<meta name=\"twitter:label1\" content=\"Gesch\u00e4tzte Lesezeit\" \/>\n\t<meta name=\"twitter:data1\" content=\"4\u00a0Minuten\" \/>\n<script type=\"application\/ld+json\" class=\"yoast-schema-graph\">{\"@context\":\"https:\\\/\\\/schema.org\",\"@graph\":[{\"@type\":\"WebPage\",\"@id\":\"https:\\\/\\\/relevantfilm.de\\\/?page_id=1640\",\"url\":\"https:\\\/\\\/relevantfilm.de\\\/?page_id=1640\",\"name\":\"Kontakt - Relevant Film Hamburg\",\"isPartOf\":{\"@id\":\"https:\\\/\\\/relevantfilm.de\\\/#website\"},\"datePublished\":\"2023-03-21T09:31:23+00:00\",\"dateModified\":\"2026-01-06T11:29:54+00:00\",\"description\":\"Nehmen Sie Kontakt zu uns auf, Sie werden uns gut finden.\",\"breadcrumb\":{\"@id\":\"https:\\\/\\\/relevantfilm.de\\\/?page_id=1640#breadcrumb\"},\"inLanguage\":\"de\",\"potentialAction\":[{\"@type\":\"ReadAction\",\"target\":[\"https:\\\/\\\/relevantfilm.de\\\/?page_id=1640\"]}]},{\"@type\":\"BreadcrumbList\",\"@id\":\"https:\\\/\\\/relevantfilm.de\\\/?page_id=1640#breadcrumb\",\"itemListElement\":[{\"@type\":\"ListItem\",\"position\":1,\"name\":\"Startseite\",\"item\":\"https:\\\/\\\/relevantfilm.de\\\/\"},{\"@type\":\"ListItem\",\"position\":2,\"name\":\"Kontakt\"}]},{\"@type\":\"WebSite\",\"@id\":\"https:\\\/\\\/relevantfilm.de\\\/#website\",\"url\":\"https:\\\/\\\/relevantfilm.de\\\/\",\"name\":\"Relevant Film\",\"description\":\"Filmproduktion Hamburg\",\"potentialAction\":[{\"@type\":\"SearchAction\",\"target\":{\"@type\":\"EntryPoint\",\"urlTemplate\":\"https:\\\/\\\/relevantfilm.de\\\/?s={search_term_string}\"},\"query-input\":{\"@type\":\"PropertyValueSpecification\",\"valueRequired\":true,\"valueName\":\"search_term_string\"}}],\"inLanguage\":\"de\"}]}<\/script>\n<!-- \/ Yoast SEO plugin. -->","yoast_head_json":{"title":"Kontakt - Relevant Film Hamburg","description":"Nehmen Sie Kontakt zu uns auf, Sie werden uns gut finden.","robots":{"index":"index","follow":"follow","max-snippet":"max-snippet:-1","max-image-preview":"max-image-preview:large","max-video-preview":"max-video-preview:-1"},"canonical":"https:\/\/relevantfilm.de\/?page_id=1640","og_locale":"de_DE","og_type":"article","og_title":"Kontakt - Relevant Film Hamburg","og_description":"Nehmen Sie Kontakt zu uns auf, Sie werden uns gut finden.","og_url":"https:\/\/relevantfilm.de\/?page_id=1640","og_site_name":"Relevant Film","article_modified_time":"2026-01-06T11:29:54+00:00","twitter_card":"summary_large_image","twitter_misc":{"Gesch\u00e4tzte Lesezeit":"4\u00a0Minuten"},"schema":{"@context":"https:\/\/schema.org","@graph":[{"@type":"WebPage","@id":"https:\/\/relevantfilm.de\/?page_id=1640","url":"https:\/\/relevantfilm.de\/?page_id=1640","name":"Kontakt - Relevant Film Hamburg","isPartOf":{"@id":"https:\/\/relevantfilm.de\/#website"},"datePublished":"2023-03-21T09:31:23+00:00","dateModified":"2026-01-06T11:29:54+00:00","description":"Nehmen Sie Kontakt zu uns auf, Sie werden uns gut finden.","breadcrumb":{"@id":"https:\/\/relevantfilm.de\/?page_id=1640#breadcrumb"},"inLanguage":"de","potentialAction":[{"@type":"ReadAction","target":["https:\/\/relevantfilm.de\/?page_id=1640"]}]},{"@type":"BreadcrumbList","@id":"https:\/\/relevantfilm.de\/?page_id=1640#breadcrumb","itemListElement":[{"@type":"ListItem","position":1,"name":"Startseite","item":"https:\/\/relevantfilm.de\/"},{"@type":"ListItem","position":2,"name":"Kontakt"}]},{"@type":"WebSite","@id":"https:\/\/relevantfilm.de\/#website","url":"https:\/\/relevantfilm.de\/","name":"Relevant Film","description":"Filmproduktion Hamburg","potentialAction":[{"@type":"SearchAction","target":{"@type":"EntryPoint","urlTemplate":"https:\/\/relevantfilm.de\/?s={search_term_string}"},"query-input":{"@type":"PropertyValueSpecification","valueRequired":true,"valueName":"search_term_string"}}],"inLanguage":"de"}]}},"_links":{"self":[{"href":"https:\/\/relevantfilm.de\/index.php?rest_route=\/wp\/v2\/pages\/1640","targetHints":{"allow":["GET"]}}],"collection":[{"href":"https:\/\/relevantfilm.de\/index.php?rest_route=\/wp\/v2\/pages"}],"about":[{"href":"https:\/\/relevantfilm.de\/index.php?rest_route=\/wp\/v2\/types\/page"}],"author":[{"embeddable":true,"href":"https:\/\/relevantfilm.de\/index.php?rest_route=\/wp\/v2\/users\/3"}],"replies":[{"embeddable":true,"href":"https:\/\/relevantfilm.de\/index.php?rest_route=%2Fwp%2Fv2%2Fcomments&post=1640"}],"version-history":[{"count":38,"href":"https:\/\/relevantfilm.de\/index.php?rest_route=\/wp\/v2\/pages\/1640\/revisions"}],"predecessor-version":[{"id":4362,"href":"https:\/\/relevantfilm.de\/index.php?rest_route=\/wp\/v2\/pages\/1640\/revisions\/4362"}],"wp:attachment":[{"href":"https:\/\/relevantfilm.de\/index.php?rest_route=%2Fwp%2Fv2%2Fmedia&parent=1640"}],"curies":[{"name":"wp","href":"https:\/\/api.w.org\/{rel}","templated":true}]}}