{"id":1659,"date":"2023-03-21T10:38:28","date_gmt":"2023-03-21T09:38:28","guid":{"rendered":"https:\/\/relevantfilm.clusterzone.de\/?page_id=1659"},"modified":"2023-09-25T13:51:21","modified_gmt":"2023-09-25T11:51:21","slug":"impressum","status":"publish","type":"page","link":"https:\/\/relevantfilm.de\/?page_id=1659","title":{"rendered":"Impressum"},"content":{"rendered":"<h1>Impressum<\/h1>\n<h2>Impressum<\/h2>\n<div>\n<p>Angaben gem\u00e4\u00df \u00a7 5 TMG<\/p>\n<\/div>\n<h4>Anbieter:<\/h4>\n<div>\n<p>Relevant Film Produktionsgesellschaft mbH<br \/>Hoheluftchaussee 95a<br \/>D \u2013 20253 Hamburg<\/p>\n<\/div>\n<h4>Angaben zum Unternehmen:<\/h4>\n<div>\n<p><strong>Vertretungsberechtigte:\u00a0<\/strong>Heike Wiehle-Timm, Andrea Terres<br \/>Umsatzsteuer-Identifikationsnummer gem\u00e4\u00df \u00a7 27 a Umsatzsteuergesetz:\u00a0DE 156377939<br \/><strong>Handelsregister:\u00a0<\/strong>HRB 52 777 (Amtsgericht Hamburg)<\/p>\n<\/div>\n<h4>Kontaktm\u00f6glichkeiten:<\/h4>\n<div>\n<p><strong>E-Mail-Adresse:\u00a0<\/strong>info(at)relevantfilm.de<strong><br \/>Telefon:\u00a0<\/strong>+49 (0)40 413 27 10<br \/><strong>Fax:\u00a0<\/strong>+49 (0)40 413 27 177<\/p>\n<\/div>\n<h4>Redaktionell verantwortlich:<\/h4>\n<div>\n<p>Judica Schrammeck<\/p>\n<p>Dieses Impressum gilt auch f\u00fcr die folgenden Social-Media-Pr\u00e4senzen und Onlineprofile:<\/p>\n<p><a href=\"https:\/\/de-de.facebook.com\/relevantfilm.hamburg\">https:\/\/de-de.facebook.com\/relevantfilm.hamburg<\/a><br \/><a href=\"https:\/\/www.instagram.com\/relevant_film\">https:\/\/www.instagram.com\/relevant_film<\/a><\/p>\n<\/div>\n<h4>Haftungs- und Urheberrechtshinweise<\/h4>\n<div>\n<p>(Haftungsausschluss)<br \/>Die Inhalte dieses Onlineangebotes wurden sorgf\u00e4ltig und nach unserem aktuellen Kenntnisstand erstellt, dienen jedoch nur der Information und entfalten keine rechtlich bindende Wirkung, sofern es sich nicht um gesetzlich verpflichtende Informationen (z.B. das Impressum, die Datenschutzerkl\u00e4rung) handelt. Wir behalten uns vor, die Inhalte vollst\u00e4ndig oder teilweise zu \u00e4ndern oder zu l\u00f6schen, soweit vertragliche Verpflichtungen unber\u00fchrt bleiben. Alle Angebote sind freibleibend und unverbindlich.<\/p>\n<p>Unsere Webseite wurde ohne bild- oder textgenerierende KI erstellt.<\/p>\n<\/div>\n<h4>Links auf fremde Webseiten:<\/h4>\n<div>\n<p>Inhalte fremder Webseiten, auf die wir direkt oder indirekt verweisen, liegen au\u00dferhalb unseres Verantwortungsbereiches und machen wir uns nicht zu Eigen. F\u00fcr alle Inhalte und insbesondere f\u00fcr Sch\u00e4den, die aus der Nutzung der in den verlinkten Webseiten aufrufbaren Informationen entstehen, haftet allein der Anbieter der verlinkten Webseiten.<\/p>\n<\/div>\n<h4>Urheberrechte und Markenrechte:<\/h4>\n<div>\n<p>Alle auf dieser Website dargestellten Inhalte, wie Texte, Fotografien, Grafiken, Marken und Warenzeichen sind durch die jeweiligen Schutzrechte (Urheberrechte, Markenrechte) gesch\u00fctzt. Die Verwendung, Vervielf\u00e4ltigung usw. unterliegen unseren Rechten oder den Rechten der jeweiligen Urheber bzw. Rechteverwalter.<\/p>\n<\/div>\n<h4>Hinweise auf Rechtsverst\u00f6\u00dfe:<\/h4>\n<div>\n<p>Sollten Sie innerhalb unseres Internetauftritts Rechtsverst\u00f6\u00dfe bemerken, bitten wir Sie uns auf diese hinzuweisen. Wir werden rechtswidrige Inhalte und Links nach Kenntnisnahme unverz\u00fcglich entfernen.<\/p>\n<\/div>\n<h4>Bildnachweise:<\/h4>\n<div>\n<p>Auf dieser Website wird, soweit nicht anders angegeben, Foto-\/Bildmaterial ausschlie\u00dflich aus unseren eigenen Film- und Fernsehproduktionen zu Selbstdarstellungszwecken genutzt, insbesondere auch f\u00fcr Kopfgrafiken am Beginn der Seite oder zur Illustration. Alle Rechte am Foto-\/Bildmaterial liegen bei den jeweiligen auftraggebenden Sendern. Vergleiche auch Fu\u00dfzeilen der einzelnen Seiten. Jegliche unautorisierte weitere Verwendung ist untersagt.<\/p>\n<\/div>\n<blockquote>\n<p>&#8222;RELEVANT F!LM ist \u00fcberzeugtes Mitglied in der Allianz Deutscher Produzenten \u2013 Film und Fernsehen e.V. und dem Freundeskreis Filmfest Hamburg e.V.&#8220;<\/p>\n<footer>\n<p>                <cite>Heike Wiehle-Timm<\/cite><\/p>\n<\/footer>\n<\/blockquote>\n<h2>\n<p class=\"uk-text-center uk-scrollspy-inview \">Sie m\u00f6chten uns eine Mitteilung senden?<\/p>\n<\/h2>\n<p>\n    <a href=\"mailto:info@relevantfilm.de\">Kontakt<\/a>\n<\/p>\n<p><!--more--><br \/>\n<!-- {\"type\":\"layout\",\"children\":[{\"type\":\"section\",\"props\":{\"animation\":\"fade\",\"class\":\"uk-text-center\",\"image\":\"wp-content\\\/uploads\\\/2023\\\/04\\\/hero_impressum_neu.jpg\",\"image_loading\":true,\"image_position\":\"center-center\",\"image_size\":\"cover\",\"image_width\":\"2560\",\"padding\":\"xlarge\",\"style\":\"default\",\"title_breakpoint\":\"xl\",\"title_position\":\"top-left\",\"title_rotation\":\"left\",\"vertical_align\":\"middle\",\"width\":\"\"},\"children\":[{\"type\":\"row\",\"children\":[{\"type\":\"column\",\"props\":{\"image_position\":\"center-center\",\"padding\":\"none\",\"position_sticky_breakpoint\":\"m\",\"text_color\":\"light\",\"width_medium\":\"1-1\"},\"children\":[{\"type\":\"headline\",\"props\":{\"class\":\"uk-display-inline-block\",\"content\":\"Impressum\",\"text_align\":\"center\",\"title_color\":\"emphasis\",\"title_decoration\":\"divider\",\"title_element\":\"h1\"}}]}]}],\"name\":\"Hero\"},{\"type\":\"section\",\"props\":{\"animation\":\"fade\",\"image_position\":\"center-center\",\"padding\":\"large\",\"style\":\"default\",\"title_breakpoint\":\"xl\",\"title_position\":\"top-left\",\"title_rotation\":\"left\",\"vertical_align\":\"middle\",\"width\":\"large\"},\"children\":[{\"type\":\"row\",\"children\":[{\"type\":\"column\",\"props\":{\"image_position\":\"center-center\",\"position_sticky_breakpoint\":\"m\",\"width_medium\":\"1-1\"},\"children\":[{\"type\":\"headline\",\"props\":{\"content\":\"Impressum\",\"title_decoration\":\"bullet\",\"title_element\":\"h2\"}}]}]},{\"type\":\"row\",\"props\":{\"layout\":\"1-2,1-2\"},\"children\":[{\"type\":\"column\",\"props\":{\"image_position\":\"center-center\",\"position_sticky_breakpoint\":\"m\",\"width_medium\":\"1-2\"},\"children\":[{\"type\":\"text\",\"props\":{\"animation\":\"none\",\"column_breakpoint\":\"m\",\"column_divider\":true,\"content\":\"\n\n<p>Angaben gem\\u00e4\\u00df \\u00a7 5 TMG<\\\/p>\",\"margin\":\"medium\"}},{\"type\":\"headline\",\"props\":{\"content\":\"Anbieter:\",\"title_decoration\":\"bullet\",\"title_element\":\"h4\"}},{\"type\":\"text\",\"props\":{\"animation\":\"none\",\"column_breakpoint\":\"m\",\"column_divider\":true,\"content\":\"\n\n<p>Relevant Film Produktionsgesellschaft mbH<br \\\/>Hoheluftchaussee 95a<br \\\/>D \\u2013 20253 Hamburg<\\\/p>\",\"margin\":\"medium\"}},{\"type\":\"headline\",\"props\":{\"content\":\"Angaben zum Unternehmen:\",\"title_decoration\":\"bullet\",\"title_element\":\"h4\"}},{\"type\":\"text\",\"props\":{\"animation\":\"none\",\"column_breakpoint\":\"m\",\"column_divider\":true,\"content\":\"\n\n<p><strong>Vertretungsberechtigte:\\u00a0<\\\/strong>Heike Wiehle-Timm, Andrea Terres<br \\\/>Umsatzsteuer-Identifikationsnummer gem\\u00e4\\u00df \\u00a7 27 a Umsatzsteuergesetz:\\u00a0DE 156377939<br \\\/><strong>Handelsregister:\\u00a0<\\\/strong>HRB 52 777 (Amtsgericht Hamburg)<\\\/p>\",\"margin\":\"medium\"}},{\"type\":\"headline\",\"props\":{\"content\":\"Kontaktm\\u00f6glichkeiten:\",\"title_decoration\":\"bullet\",\"title_element\":\"h4\"}},{\"type\":\"text\",\"props\":{\"animation\":\"none\",\"column_breakpoint\":\"m\",\"column_divider\":true,\"content\":\"\n\n<p><strong>E-Mail-Adresse:\\u00a0<\\\/strong>info(at)relevantfilm.de<strong><br \\\/>Telefon:\\u00a0<\\\/strong>+49 (0)40 413 27 10<br \\\/><strong>Fax:\\u00a0<\\\/strong>+49 (0)40 413 27 177<\\\/p>\",\"margin\":\"medium\"}},{\"type\":\"headline\",\"props\":{\"content\":\"Redaktionell verantwortlich:\",\"title_decoration\":\"bullet\",\"title_element\":\"h4\"}},{\"type\":\"text\",\"props\":{\"animation\":\"none\",\"column_breakpoint\":\"m\",\"column_divider\":true,\"content\":\"\n\n<p>Judica Schrammeck<\\\/p>\\n\n\n<p>Dieses Impressum gilt auch f\\u00fcr die folgenden Social-Media-Pr\\u00e4senzen und Onlineprofile:<\\\/p>\\n\n\n<p><a href=\\\"https:\\\/\\\/de-de.facebook.com\\\/relevantfilm.hamburg\\\">https:\\\/\\\/de-de.facebook.com\\\/relevantfilm.hamburg<\\\/a><br \\\/><a href=\\\"https:\\\/\\\/www.instagram.com\\\/relevant_film\\\">https:\\\/\\\/www.instagram.com\\\/relevant_film<\\\/a><\\\/p>\",\"margin\":\"medium\"}},{\"type\":\"headline\",\"props\":{\"content\":\"Haftungs- und Urheberrechtshinweise\",\"title_decoration\":\"bullet\",\"title_element\":\"h4\"}},{\"type\":\"text\",\"props\":{\"animation\":\"none\",\"column_breakpoint\":\"m\",\"column_divider\":true,\"content\":\"\n\n<p>(Haftungsausschluss)<br \\\/>Die Inhalte dieses Onlineangebotes wurden sorgf\\u00e4ltig und nach unserem aktuellen Kenntnisstand erstellt, dienen jedoch nur der Information und entfalten keine rechtlich bindende Wirkung, sofern es sich nicht um gesetzlich verpflichtende Informationen (z.B. das Impressum, die Datenschutzerkl\\u00e4rung) handelt. Wir behalten uns vor, die Inhalte vollst\\u00e4ndig oder teilweise zu \\u00e4ndern oder zu l\\u00f6schen, soweit vertragliche Verpflichtungen unber\\u00fchrt bleiben. Alle Angebote sind freibleibend und unverbindlich.<\\\/p>\\n\n\n<p>Unsere Webseite wurde ohne bild- oder textgenerierende KI erstellt.<\\\/p>\",\"margin\":\"medium\"}}]},{\"type\":\"column\",\"props\":{\"image_position\":\"center-center\",\"position_sticky_breakpoint\":\"m\",\"width_medium\":\"1-2\"},\"children\":[{\"type\":\"headline\",\"props\":{\"content\":\"Links auf fremde Webseiten:\",\"title_decoration\":\"bullet\",\"title_element\":\"h4\"}},{\"type\":\"text\",\"props\":{\"animation\":\"none\",\"column_breakpoint\":\"m\",\"column_divider\":true,\"content\":\"\n\n<p>Inhalte fremder Webseiten, auf die wir direkt oder indirekt verweisen, liegen au\\u00dferhalb unseres Verantwortungsbereiches und machen wir uns nicht zu Eigen. F\\u00fcr alle Inhalte und insbesondere f\\u00fcr Sch\\u00e4den, die aus der Nutzung der in den verlinkten Webseiten aufrufbaren Informationen entstehen, haftet allein der Anbieter der verlinkten Webseiten.<\\\/p>\",\"margin\":\"medium\"}},{\"type\":\"headline\",\"props\":{\"content\":\"Urheberrechte und Markenrechte:\",\"title_decoration\":\"bullet\",\"title_element\":\"h4\"}},{\"type\":\"text\",\"props\":{\"animation\":\"none\",\"column_breakpoint\":\"m\",\"column_divider\":true,\"content\":\"\n\n<p>Alle auf dieser Website dargestellten Inhalte, wie Texte, Fotografien, Grafiken, Marken und Warenzeichen sind durch die jeweiligen Schutzrechte (Urheberrechte, Markenrechte) gesch\\u00fctzt. Die Verwendung, Vervielf\\u00e4ltigung usw. unterliegen unseren Rechten oder den Rechten der jeweiligen Urheber bzw. Rechteverwalter.<\\\/p>\",\"margin\":\"medium\"}},{\"type\":\"headline\",\"props\":{\"content\":\"Hinweise auf Rechtsverst\\u00f6\\u00dfe:\",\"title_decoration\":\"bullet\",\"title_element\":\"h4\"}},{\"type\":\"text\",\"props\":{\"animation\":\"none\",\"column_breakpoint\":\"m\",\"column_divider\":true,\"content\":\"\n\n<p>Sollten Sie innerhalb unseres Internetauftritts Rechtsverst\\u00f6\\u00dfe bemerken, bitten wir Sie uns auf diese hinzuweisen. Wir werden rechtswidrige Inhalte und Links nach Kenntnisnahme unverz\\u00fcglich entfernen.<\\\/p>\",\"margin\":\"medium\"}},{\"type\":\"headline\",\"props\":{\"content\":\"Bildnachweise:\",\"title_decoration\":\"bullet\",\"title_element\":\"h4\"}},{\"type\":\"text\",\"props\":{\"animation\":\"none\",\"column_breakpoint\":\"m\",\"column_divider\":true,\"content\":\"\n\n<p>Auf dieser Website wird, soweit nicht anders angegeben, Foto-\\\/Bildmaterial ausschlie\\u00dflich aus unseren eigenen Film- und Fernsehproduktionen zu Selbstdarstellungszwecken genutzt, insbesondere auch f\\u00fcr Kopfgrafiken am Beginn der Seite oder zur Illustration. Alle Rechte am Foto-\\\/Bildmaterial liegen bei den jeweiligen auftraggebenden Sendern. Vergleiche auch Fu\\u00dfzeilen der einzelnen Seiten. Jegliche unautorisierte weitere Verwendung ist untersagt.<\\\/p>\",\"margin\":\"medium\"}}]}]},{\"type\":\"row\",\"props\":{\"margin\":\"xlarge\"},\"children\":[{\"type\":\"column\",\"props\":{\"image_position\":\"center-center\",\"padding\":\"large\",\"position_sticky_breakpoint\":\"m\",\"style\":\"tile-muted\",\"width_medium\":\"1-1\"},\"children\":[{\"type\":\"quotation\",\"props\":{\"animation\":\"slide-left-small\",\"author\":\"Heike Wiehle-Timm\",\"content\":\"\n\n<p>\\\"RELEVANT F!LM ist \\u00fcberzeugtes Mitglied in der Allianz Deutscher Produzenten \\u2013 Film und Fernsehen e.V. und dem Freundeskreis Filmfest Hamburg e.V.\\\"<\\\/p>\",\"text_align\":\"center\"}}]}]},{\"type\":\"row\",\"props\":{\"column_gap\":\"large\",\"layout\":\"1-2,1-2\",\"margin\":\"xlarge\",\"status\":\"disabled\",\"width\":\"large\"},\"children\":[{\"type\":\"column\",\"props\":{\"image_position\":\"center-center\",\"position_sticky_breakpoint\":\"m\",\"width_medium\":\"1-2\"},\"children\":[{\"type\":\"headline\",\"props\":{\"content\":\"We\\u2019ve Been Mentioned in These Magazines\",\"maxwidth\":\"large\",\"title_element\":\"h2\"}},{\"type\":\"divider\",\"props\":{\"divider_element\":\"hr\",\"divider_style\":\"small\",\"margin\":\"small\"}}]},{\"type\":\"column\",\"props\":{\"image_position\":\"center-center\",\"position_sticky_breakpoint\":\"m\",\"width_medium\":\"1-2\"},\"children\":[{\"type\":\"grid\",\"props\":{\"animation\":\"none\",\"content_column_breakpoint\":\"m\",\"filter_align\":\"left\",\"filter_all\":true,\"filter_grid_breakpoint\":\"m\",\"filter_grid_width\":\"auto\",\"filter_position\":\"top\",\"filter_style\":\"tab\",\"grid_default\":\"4\",\"grid_medium\":\"3\",\"icon_width\":80,\"image_align\":\"top\",\"image_grid_breakpoint\":\"m\",\"image_grid_width\":\"1-2\",\"image_svg_color\":\"emphasis\",\"image_svg_inline\":true,\"item_animation\":true,\"link_style\":\"default\",\"link_text\":\"Read more\",\"margin\":\"default\",\"meta_align\":\"below-title\",\"meta_element\":\"div\",\"meta_style\":\"text-meta\",\"parallax_easing\":\"1\",\"show_content\":true,\"show_image\":true,\"show_link\":true,\"show_meta\":true,\"show_title\":false,\"title_align\":\"top\",\"title_element\":\"h3\",\"title_grid_breakpoint\":\"m\",\"title_grid_width\":\"1-2\",\"title_hover_style\":\"reset\"},\"children\":[{\"type\":\"grid_item\",\"props\":{\"image\":\"wp-content\\\/uploads\\\/about-partners-01.svg\",\"title\":\"About Partners 01\"}},{\"type\":\"grid_item\",\"props\":{\"image\":\"wp-content\\\/uploads\\\/about-partners-02.svg\",\"title\":\"About Partners 02\"}},{\"type\":\"grid_item\",\"props\":{\"image\":\"wp-content\\\/uploads\\\/about-partners-03.svg\",\"title\":\"About Partners 03\"}},{\"type\":\"grid_item\",\"props\":{\"image\":\"wp-content\\\/uploads\\\/about-partners-04.svg\",\"title\":\"About Partners 04\"}}]}]}]}],\"name\":\"About\"},{\"type\":\"section\",\"props\":{\"animation\":\"slide-left-small\",\"image_position\":\"center-center\",\"padding\":\"large\",\"style\":\"muted\",\"title_breakpoint\":\"xl\",\"title_position\":\"top-left\",\"title_rotation\":\"left\",\"vertical_align\":\"middle\",\"width\":\"expand\"},\"children\":[{\"type\":\"row\",\"children\":[{\"type\":\"column\",\"props\":{\"image_position\":\"center-center\",\"padding\":\"none\",\"position_sticky_breakpoint\":\"m\",\"width_medium\":\"1-1\"},\"children\":[{\"type\":\"headline\",\"props\":{\"content\":\"\n\n<p class=\\\"uk-text-center uk-scrollspy-inview \\\">Sie m\\u00f6chten uns eine Mitteilung senden?<\\\/p>\",\"text_align\":\"center\",\"title_element\":\"h2\"}},{\"type\":\"button\",\"props\":{\"button_size\":\"large\",\"grid_column_gap\":\"small\",\"grid_row_gap\":\"small\",\"margin\":\"large\",\"text_align\":\"center\"},\"children\":[{\"type\":\"button_item\",\"props\":{\"button_style\":\"primary\",\"content\":\"Kontakt\",\"icon_align\":\"left\",\"link\":\"mailto:info@relevantfilm.de\"}}]}]}]}],\"name\":\"Call to Action\"}],\"version\":\"4.0.13\"} --><\/p>\n","protected":false},"excerpt":{"rendered":"<p>Impressum Impressum Angaben gem\u00e4\u00df \u00a7 5 TMG Anbieter: Relevant Film Produktionsgesellschaft mbHHoheluftchaussee 95aD \u2013 20253 Hamburg Angaben zum Unternehmen: Vertretungsberechtigte:\u00a0Heike Wiehle-Timm, Andrea TerresUmsatzsteuer-Identifikationsnummer gem\u00e4\u00df \u00a7 27 a Umsatzsteuergesetz:\u00a0DE 156377939Handelsregister:\u00a0HRB 52 777 (Amtsgericht Hamburg) Kontaktm\u00f6glichkeiten: E-Mail-Adresse:\u00a0info(at)relevantfilm.deTelefon:\u00a0+49 (0)40 413 27 10Fax:\u00a0+49 (0)40 413 27 177 Redaktionell verantwortlich: Judica Schrammeck Dieses Impressum gilt auch f\u00fcr die folgenden Social-Media-Pr\u00e4senzen [&hellip;]<\/p>\n","protected":false},"author":3,"featured_media":0,"parent":0,"menu_order":6,"comment_status":"closed","ping_status":"closed","template":"","meta":{"_acf_changed":false,"footnotes":""},"class_list":["post-1659","page","type-page","status-publish","hentry"],"acf":[],"yoast_head":"<!-- This site is optimized with the Yoast SEO plugin v27.5 - https:\/\/yoast.com\/product\/yoast-seo-wordpress\/ -->\n<title>Impressum - Relevant Film<\/title>\n<meta name=\"robots\" content=\"index, follow, max-snippet:-1, max-image-preview:large, max-video-preview:-1\" \/>\n<link rel=\"canonical\" href=\"https:\/\/relevantfilm.de\/?page_id=1659\" \/>\n<meta property=\"og:locale\" content=\"de_DE\" \/>\n<meta property=\"og:type\" content=\"article\" \/>\n<meta property=\"og:title\" content=\"Impressum - Relevant Film\" \/>\n<meta property=\"og:description\" content=\"Impressum Impressum Angaben gem\u00e4\u00df \u00a7 5 TMG Anbieter: Relevant Film Produktionsgesellschaft mbHHoheluftchaussee 95aD \u2013 20253 Hamburg Angaben zum Unternehmen: Vertretungsberechtigte:\u00a0Heike Wiehle-Timm, Andrea TerresUmsatzsteuer-Identifikationsnummer gem\u00e4\u00df \u00a7 27 a Umsatzsteuergesetz:\u00a0DE 156377939Handelsregister:\u00a0HRB 52 777 (Amtsgericht Hamburg) Kontaktm\u00f6glichkeiten: E-Mail-Adresse:\u00a0info(at)relevantfilm.deTelefon:\u00a0+49 (0)40 413 27 10Fax:\u00a0+49 (0)40 413 27 177 Redaktionell verantwortlich: Judica Schrammeck Dieses Impressum gilt auch f\u00fcr die folgenden Social-Media-Pr\u00e4senzen [&hellip;]\" \/>\n<meta property=\"og:url\" content=\"https:\/\/relevantfilm.de\/?page_id=1659\" \/>\n<meta property=\"og:site_name\" content=\"Relevant Film\" \/>\n<meta property=\"article:modified_time\" content=\"2023-09-25T11:51:21+00:00\" \/>\n<meta name=\"twitter:card\" content=\"summary_large_image\" \/>\n<meta name=\"twitter:label1\" content=\"Gesch\u00e4tzte Lesezeit\" \/>\n\t<meta name=\"twitter:data1\" content=\"2\u00a0Minuten\" \/>\n<script type=\"application\/ld+json\" class=\"yoast-schema-graph\">{\"@context\":\"https:\\\/\\\/schema.org\",\"@graph\":[{\"@type\":\"WebPage\",\"@id\":\"https:\\\/\\\/relevantfilm.de\\\/?page_id=1659\",\"url\":\"https:\\\/\\\/relevantfilm.de\\\/?page_id=1659\",\"name\":\"Impressum - Relevant Film\",\"isPartOf\":{\"@id\":\"https:\\\/\\\/relevantfilm.de\\\/#website\"},\"datePublished\":\"2023-03-21T09:38:28+00:00\",\"dateModified\":\"2023-09-25T11:51:21+00:00\",\"breadcrumb\":{\"@id\":\"https:\\\/\\\/relevantfilm.de\\\/?page_id=1659#breadcrumb\"},\"inLanguage\":\"de\",\"potentialAction\":[{\"@type\":\"ReadAction\",\"target\":[\"https:\\\/\\\/relevantfilm.de\\\/?page_id=1659\"]}]},{\"@type\":\"BreadcrumbList\",\"@id\":\"https:\\\/\\\/relevantfilm.de\\\/?page_id=1659#breadcrumb\",\"itemListElement\":[{\"@type\":\"ListItem\",\"position\":1,\"name\":\"Startseite\",\"item\":\"https:\\\/\\\/relevantfilm.de\\\/\"},{\"@type\":\"ListItem\",\"position\":2,\"name\":\"Impressum\"}]},{\"@type\":\"WebSite\",\"@id\":\"https:\\\/\\\/relevantfilm.de\\\/#website\",\"url\":\"https:\\\/\\\/relevantfilm.de\\\/\",\"name\":\"Relevant Film\",\"description\":\"Filmproduktion Hamburg\",\"potentialAction\":[{\"@type\":\"SearchAction\",\"target\":{\"@type\":\"EntryPoint\",\"urlTemplate\":\"https:\\\/\\\/relevantfilm.de\\\/?s={search_term_string}\"},\"query-input\":{\"@type\":\"PropertyValueSpecification\",\"valueRequired\":true,\"valueName\":\"search_term_string\"}}],\"inLanguage\":\"de\"}]}<\/script>\n<!-- \/ Yoast SEO plugin. -->","yoast_head_json":{"title":"Impressum - Relevant Film","robots":{"index":"index","follow":"follow","max-snippet":"max-snippet:-1","max-image-preview":"max-image-preview:large","max-video-preview":"max-video-preview:-1"},"canonical":"https:\/\/relevantfilm.de\/?page_id=1659","og_locale":"de_DE","og_type":"article","og_title":"Impressum - Relevant Film","og_description":"Impressum Impressum Angaben gem\u00e4\u00df \u00a7 5 TMG Anbieter: Relevant Film Produktionsgesellschaft mbHHoheluftchaussee 95aD \u2013 20253 Hamburg Angaben zum Unternehmen: Vertretungsberechtigte:\u00a0Heike Wiehle-Timm, Andrea TerresUmsatzsteuer-Identifikationsnummer gem\u00e4\u00df \u00a7 27 a Umsatzsteuergesetz:\u00a0DE 156377939Handelsregister:\u00a0HRB 52 777 (Amtsgericht Hamburg) Kontaktm\u00f6glichkeiten: E-Mail-Adresse:\u00a0info(at)relevantfilm.deTelefon:\u00a0+49 (0)40 413 27 10Fax:\u00a0+49 (0)40 413 27 177 Redaktionell verantwortlich: Judica Schrammeck Dieses Impressum gilt auch f\u00fcr die folgenden Social-Media-Pr\u00e4senzen [&hellip;]","og_url":"https:\/\/relevantfilm.de\/?page_id=1659","og_site_name":"Relevant Film","article_modified_time":"2023-09-25T11:51:21+00:00","twitter_card":"summary_large_image","twitter_misc":{"Gesch\u00e4tzte Lesezeit":"2\u00a0Minuten"},"schema":{"@context":"https:\/\/schema.org","@graph":[{"@type":"WebPage","@id":"https:\/\/relevantfilm.de\/?page_id=1659","url":"https:\/\/relevantfilm.de\/?page_id=1659","name":"Impressum - Relevant Film","isPartOf":{"@id":"https:\/\/relevantfilm.de\/#website"},"datePublished":"2023-03-21T09:38:28+00:00","dateModified":"2023-09-25T11:51:21+00:00","breadcrumb":{"@id":"https:\/\/relevantfilm.de\/?page_id=1659#breadcrumb"},"inLanguage":"de","potentialAction":[{"@type":"ReadAction","target":["https:\/\/relevantfilm.de\/?page_id=1659"]}]},{"@type":"BreadcrumbList","@id":"https:\/\/relevantfilm.de\/?page_id=1659#breadcrumb","itemListElement":[{"@type":"ListItem","position":1,"name":"Startseite","item":"https:\/\/relevantfilm.de\/"},{"@type":"ListItem","position":2,"name":"Impressum"}]},{"@type":"WebSite","@id":"https:\/\/relevantfilm.de\/#website","url":"https:\/\/relevantfilm.de\/","name":"Relevant Film","description":"Filmproduktion Hamburg","potentialAction":[{"@type":"SearchAction","target":{"@type":"EntryPoint","urlTemplate":"https:\/\/relevantfilm.de\/?s={search_term_string}"},"query-input":{"@type":"PropertyValueSpecification","valueRequired":true,"valueName":"search_term_string"}}],"inLanguage":"de"}]}},"_links":{"self":[{"href":"https:\/\/relevantfilm.de\/index.php?rest_route=\/wp\/v2\/pages\/1659","targetHints":{"allow":["GET"]}}],"collection":[{"href":"https:\/\/relevantfilm.de\/index.php?rest_route=\/wp\/v2\/pages"}],"about":[{"href":"https:\/\/relevantfilm.de\/index.php?rest_route=\/wp\/v2\/types\/page"}],"author":[{"embeddable":true,"href":"https:\/\/relevantfilm.de\/index.php?rest_route=\/wp\/v2\/users\/3"}],"replies":[{"embeddable":true,"href":"https:\/\/relevantfilm.de\/index.php?rest_route=%2Fwp%2Fv2%2Fcomments&post=1659"}],"version-history":[{"count":30,"href":"https:\/\/relevantfilm.de\/index.php?rest_route=\/wp\/v2\/pages\/1659\/revisions"}],"predecessor-version":[{"id":2937,"href":"https:\/\/relevantfilm.de\/index.php?rest_route=\/wp\/v2\/pages\/1659\/revisions\/2937"}],"wp:attachment":[{"href":"https:\/\/relevantfilm.de\/index.php?rest_route=%2Fwp%2Fv2%2Fmedia&parent=1659"}],"curies":[{"name":"wp","href":"https:\/\/api.w.org\/{rel}","templated":true}]}}