{"id":4,"date":"2019-08-13T10:27:03","date_gmt":"2019-08-13T10:27:03","guid":{"rendered":"https:\/\/relevantfilm.clusterzone.de\/?p=4"},"modified":"2025-11-06T15:15:37","modified_gmt":"2025-11-06T14:15:37","slug":"ueber-uns","status":"publish","type":"page","link":"https:\/\/relevantfilm.de\/?page_id=4","title":{"rendered":"\u00dcber uns"},"content":{"rendered":"<h1>\u00dcber uns<\/h1>\n<h2>Wir arbeiten st\u00e4ndig an guter Unterhaltung.<\/h2>\n<div>\n<p style=\"font-weight: 400;\"><strong>RELEVANT F!LM<\/strong> ist eine Marke f\u00fcr wesentliche Themen, sorgf\u00e4ltige Produktion und erfolgreiche Filme.<br \/>Wir bieten hochwertige und kreative Unterhaltung, denn, wir sind \u00fcberzeugt: <strong>Unterhaltung macht Sinn und Sinn unterh\u00e4lt.<br \/><\/strong>Unsere Filme erz\u00e4hlen bewegende Geschichten mit emotionaler Kraft. Seit Gr\u00fcndung 1993 sind ann\u00e4hernd hundert Fernseh- und Kinoproduktionen entstanden. Neben unserem Erfahrungsschatz in Stoffentwicklung, Finanzierung und Produktion haben wir nie den neugierigen Blick auf neue Genres und Formate verloren. Nach oft langj\u00e4hriger und vertrauensvoller Zusammenarbeit, binden wir unsere kreativen Kolleg:innen f\u00fcr die Produktion ebenso wie Autor:innen und Regisseur:innen m\u00f6glichst fr\u00fch in die Stoffentwicklung ein, bieten aber auch jungen Talenten gern konstruktive Chancen und unsere Unterst\u00fctzung. Das erm\u00f6glicht uns immer neue Erfahrungen bei der Umsetzung unserer Ideen und, ganz pers\u00f6nlich, ein spannendes und unverwechselbares Arbeitsumfeld. <br \/>Und so schaffen wir, was uns auszeichnet \u2013 die Vielfalt der Formate und Unterschiedlichkeit der Genres.\u00a0Als unabh\u00e4ngige Produktionsfirma sind wir im Projektgesch\u00e4ft frei in der Wahl unserer Partner. Unsere oft langj\u00e4hrige und konstruktive Zusammenarbeit mit allen Partner:innen hat eine profunde Basis, so dass unsere Vision \u00fcber die Arbeit am einzelnen Projekt hinausgeht.<\/p>\n<p><strong>RELEVANT F!LM<\/strong> ist Mitglied der Produktionsallianz (Allianz Deutscher Produzenten \u2013 Film und Fernsehen e.V.) und dem Freundeskreis Filmfest Hamburg e.V.<br \/><strong>Heike Wiehle-Timm<\/strong> ist Mitglied in der Deutschen Filmakademie e.V. sowie von 2010 bis 2024 Bereichsleiterin Produktion des Filmstudiengangs der Hamburg Media School.<\/p>\n<p style=\"font-weight: 400;\">\n<p style=\"font-weight: 400;\">\n<\/div>\n<blockquote>\n<p>&#8222;Seit \u00fcber 30 Jahren produzieren wir Filme. Uns zeichnet die Vielfalt der Formate und die Unterschiedlichkeit der Genres aus.&#8220;<\/p>\n<footer>\n<p>                <cite>Heike Wiehle-Timm<\/cite><\/p>\n<\/footer>\n<\/blockquote>\n<h2>Team<\/h2>\n<ul>\n<li>\n<p>        <img decoding=\"async\" src=\"\/wp-content\/uploads\/2024\/03\/HWT-16_9_2-scaled.jpg\" alt=\"\"><\/p>\n<h3>Heike Wiehle-Timm<\/h3>\n<p>Gesch\u00e4ftsf\u00fchrende Gesellschafterin, Produzentin<\/p>\n<div>\n<p><a href=\"mailto:info@relevantfilm.de\">E-Mail<\/a><\/p>\n<\/div>\n<\/li>\n<li>\n<p>        <img decoding=\"async\" src=\"\/wp-content\/uploads\/2025\/09\/AT-hello_16_9.jpg\" alt=\"\"><\/p>\n<h3>Andrea Terres<\/h3>\n<p>Gesch\u00e4ftsf\u00fchrung, Business &#038; Legal Affairs<\/p>\n<div>\n<p><a href=\"mailto:a.terres@relevantfilm.de\">E-Mail<\/a><\/p>\n<\/div>\n<\/li>\n<li>\n<p>        <img decoding=\"async\" src=\"\/wp-content\/uploads\/2024\/03\/RB-16_9-scaled.jpg\" alt=\"\"><\/p>\n<h3>Rieke Bubert<\/h3>\n<p>Producerin<\/p>\n<div>\n<p><a href=\"mailto:r.bubert@relevantfilm.de\"><span>E-Mail<\/span><\/a><\/p>\n<\/div>\n<\/li>\n<li>\n<p>        <img decoding=\"async\" src=\"\/wp-content\/uploads\/2024\/03\/JS-16_9-scaled.jpg\" alt=\"\"><\/p>\n<h3>Judica Schrammeck<\/h3>\n<p>Projektkommunikation<\/p>\n<div>\n<p><a href=\"mailto:j.schrammeck@relevantfilm.de\"><span>E-Mail<\/span><\/a><\/p>\n<\/div>\n<\/li>\n<li>\n<p>        <img decoding=\"async\" src=\"\/wp-content\/uploads\/2024\/03\/SG-16_9_2-1.jpg\" alt=\"\"><\/p>\n<h3>Stefanie Gr\u00fcn<\/h3>\n<p>Assistentin der Produzenten<\/p>\n<div>\n<p><a href=\"mailto:s.gruen@relevantfilm.de\"><span>E-Mail<\/span><\/a><\/p>\n<\/div>\n<\/li>\n<\/ul>\n<hr>\n<div>\n<h6 style=\"text-align: right;\">Bildnachweis Teamfotos: Andreas Schlieter | Andrea K\u00fcppers<\/h6>\n<\/div>\n<h2>Sie m\u00f6chten uns eine Mitteilung senden?<\/h2>\n<p><p>\n        <a href=\"mailto:info@relevantfilm.de\">Kontakt<\/a>\n    <\/p>\n<\/p>\n<p><!--more--><br \/>\n<!-- {\"type\":\"layout\",\"children\":[{\"type\":\"section\",\"props\":{\"animation\":\"fade\",\"class\":\"uk-text-center\",\"image\":\"wp-content\\\/uploads\\\/2023\\\/04\\\/hero_ueberuns_neu.jpg\",\"image_loading\":true,\"image_position\":\"center-center\",\"image_size\":\"cover\",\"image_width\":\"2560\",\"padding\":\"xlarge\",\"style\":\"default\",\"title_breakpoint\":\"xl\",\"title_position\":\"top-left\",\"title_rotation\":\"left\",\"vertical_align\":\"\",\"width\":\"\"},\"children\":[{\"type\":\"row\",\"children\":[{\"type\":\"column\",\"props\":{\"image_position\":\"center-center\",\"padding\":\"none\",\"position_sticky_breakpoint\":\"m\",\"text_color\":\"light\",\"width_medium\":\"1-1\"},\"children\":[{\"type\":\"headline\",\"props\":{\"class\":\"uk-display-inline-block\",\"content\":\"\\u00dcber uns\",\"text_align\":\"center\",\"title_decoration\":\"divider\",\"title_element\":\"h1\"}}]}]}],\"name\":\"Hero\"},{\"type\":\"section\",\"props\":{\"animation\":\"fade\",\"image_position\":\"center-center\",\"padding\":\"large\",\"style\":\"default\",\"title_breakpoint\":\"xl\",\"title_position\":\"top-left\",\"title_rotation\":\"left\",\"vertical_align\":\"\",\"width\":\"large\"},\"children\":[{\"type\":\"row\",\"children\":[{\"type\":\"column\",\"props\":{\"image_position\":\"center-center\",\"position_sticky_breakpoint\":\"m\",\"width_medium\":\"1-1\"},\"children\":[{\"type\":\"headline\",\"props\":{\"content\":\"Wir arbeiten st\\u00e4ndig an guter Unterhaltung.\",\"title_decoration\":\"bullet\",\"title_element\":\"h2\"}},{\"type\":\"text\",\"props\":{\"animation\":\"none\",\"column\":\"1-2\",\"column_breakpoint\":\"m\",\"content\":\"\n\n<p style=\\\"font-weight: 400;\\\"><strong>RELEVANT F!LM<\\\/strong> ist eine Marke f\\u00fcr wesentliche Themen, sorgf\\u00e4ltige Produktion und erfolgreiche Filme.<br \\\/>Wir bieten hochwertige und kreative Unterhaltung, denn, wir sind \\u00fcberzeugt: <strong>Unterhaltung macht Sinn und Sinn unterh\\u00e4lt.<br \\\/><\\\/strong>Unsere Filme erz\\u00e4hlen bewegende Geschichten mit emotionaler Kraft. Seit Gr\\u00fcndung 1993 sind ann\\u00e4hernd hundert Fernseh- und Kinoproduktionen entstanden. Neben unserem Erfahrungsschatz in Stoffentwicklung, Finanzierung und Produktion haben wir nie den neugierigen Blick auf neue Genres und Formate verloren. Nach oft langj\\u00e4hriger und vertrauensvoller Zusammenarbeit, binden wir unsere kreativen Kolleg:innen f\\u00fcr die Produktion ebenso wie Autor:innen und Regisseur:innen m\\u00f6glichst fr\\u00fch in die Stoffentwicklung ein, bieten aber auch jungen Talenten gern konstruktive Chancen und unsere Unterst\\u00fctzung. Das erm\\u00f6glicht uns immer neue Erfahrungen bei der Umsetzung unserer Ideen und, ganz pers\\u00f6nlich, ein spannendes und unverwechselbares Arbeitsumfeld. <br \\\/>Und so schaffen wir, was uns auszeichnet \\u2013 die Vielfalt der Formate und Unterschiedlichkeit der Genres.\\u00a0Als unabh\\u00e4ngige Produktionsfirma sind wir im Projektgesch\\u00e4ft frei in der Wahl unserer Partner. Unsere oft langj\\u00e4hrige und konstruktive Zusammenarbeit mit allen Partner:innen hat eine profunde Basis, so dass unsere Vision \\u00fcber die Arbeit am einzelnen Projekt hinausgeht.<br \\\/><br \\\/><strong>RELEVANT F!LM<\\\/strong> ist Mitglied der Produktionsallianz (Allianz Deutscher Produzenten \\u2013 Film und Fernsehen e.V.) und dem Freundeskreis Filmfest Hamburg e.V.<br \\\/><strong>Heike Wiehle-Timm<\\\/strong> ist Mitglied in der Deutschen Filmakademie e.V. sowie von 2010 bis 2024 Bereichsleiterin Produktion des Filmstudiengangs der Hamburg Media School.<\\\/p>\\n\n\n<p style=\\\"font-weight: 400;\\\"><\\\/p>\\n\n\n<p style=\\\"font-weight: 400;\\\"><\\\/p>\",\"margin\":\"medium\"}}]}]},{\"type\":\"row\",\"props\":{\"margin\":\"xlarge\"},\"children\":[{\"type\":\"column\",\"props\":{\"image_position\":\"center-center\",\"padding\":\"large\",\"position_sticky_breakpoint\":\"m\",\"style\":\"tile-muted\",\"width_medium\":\"1-1\"},\"children\":[{\"type\":\"quotation\",\"props\":{\"animation\":\"slide-left-small\",\"author\":\"Heike Wiehle-Timm\",\"content\":\"\n\n<p>\\\"Seit \\u00fcber 30 Jahren produzieren wir Filme. Uns zeichnet die Vielfalt der Formate und die Unterschiedlichkeit der Genres aus.\\\"<\\\/p>\",\"text_align\":\"center\"}}]}]},{\"type\":\"row\",\"props\":{\"width\":\"large\"},\"children\":[{\"type\":\"column\",\"props\":{\"image_position\":\"center-center\",\"position_sticky_breakpoint\":\"m\",\"width_medium\":\"1-1\"},\"children\":[{\"type\":\"headline\",\"props\":{\"content\":\"Team\",\"margin\":\"medium\",\"title_decoration\":\"bullet\",\"title_element\":\"h2\"}},{\"type\":\"grid\",\"props\":{\"animation\":\"none\",\"content_column_breakpoint\":\"m\",\"filter_align\":\"left\",\"filter_all\":true,\"filter_grid_breakpoint\":\"m\",\"filter_grid_width\":\"auto\",\"filter_position\":\"top\",\"filter_style\":\"tab\",\"grid_default\":\"2\",\"grid_medium\":\"\",\"grid_row_gap\":\"large\",\"grid_small\":\"3\",\"icon_width\":80,\"image_align\":\"top\",\"image_grid_breakpoint\":\"m\",\"image_grid_width\":\"1-2\",\"image_svg_color\":\"emphasis\",\"image_width\":\"610\",\"item_animation\":true,\"lightbox_bg_close\":true,\"link_style\":\"default\",\"link_text\":\"Read more\",\"margin\":\"default\",\"meta_align\":\"below-content\",\"meta_element\":\"div\",\"meta_style\":\"text-meta\",\"parallax_easing\":\"1\",\"show_content\":true,\"show_hover_image\":true,\"show_hover_video\":true,\"show_image\":true,\"show_link\":true,\"show_meta\":true,\"show_title\":true,\"show_video\":true,\"title_align\":\"top\",\"title_element\":\"h3\",\"title_grid_breakpoint\":\"m\",\"title_grid_width\":\"1-2\",\"title_hover_style\":\"reset\",\"title_style\":\"h4\"},\"children\":[{\"type\":\"grid_item\",\"props\":{\"content\":\"\n\n<p><a href=\\\"mailto:info@relevantfilm.de\\\">E-Mail<\\\/a><\\\/p>\",\"image\":\"wp-content\\\/uploads\\\/2024\\\/03\\\/HWT-16_9_2-scaled.jpg\",\"meta\":\"Gesch\\u00e4ftsf\\u00fchrende Gesellschafterin, Produzentin\",\"title\":\"Heike Wiehle-Timm\"}},{\"type\":\"grid_item\",\"props\":{\"content\":\"\n\n<p><a href=\\\"mailto:a.terres@relevantfilm.de\\\">E-Mail<\\\/a><\\\/p>\",\"image\":\"wp-content\\\/uploads\\\/2025\\\/09\\\/AT-hello_16_9.jpg\",\"meta\":\"Gesch\\u00e4ftsf\\u00fchrung, Business & Legal Affairs\",\"title\":\"Andrea Terres\"}},{\"type\":\"grid_item\",\"props\":{\"content\":\"\n\n<p><a href=\\\"mailto:r.bubert@relevantfilm.de\\\"><span>E-Mail<\\\/span><\\\/a><\\\/p>\",\"image\":\"wp-content\\\/uploads\\\/2024\\\/03\\\/RB-16_9-scaled.jpg\",\"meta\":\"Producerin\",\"title\":\"Rieke Bubert\"}},{\"type\":\"grid_item\",\"props\":{\"content\":\"\n\n<p><a href=\\\"mailto:j.schrammeck@relevantfilm.de\\\"><span>E-Mail<\\\/span><\\\/a><\\\/p>\",\"image\":\"wp-content\\\/uploads\\\/2024\\\/03\\\/JS-16_9-scaled.jpg\",\"meta\":\"Projektkommunikation\",\"title\":\"Judica Schrammeck\"}},{\"type\":\"grid_item\",\"props\":{\"content\":\"\n\n<p><a href=\\\"mailto:s.gruen@relevantfilm.de\\\"><span>E-Mail<\\\/span><\\\/a><\\\/p>\",\"image\":\"wp-content\\\/uploads\\\/2024\\\/03\\\/SG-16_9_2-1.jpg\",\"meta\":\"Assistentin der Produzenten\",\"title\":\"Stefanie Gr\\u00fcn\"}}]},{\"type\":\"divider\",\"props\":{\"divider_element\":\"hr\"}},{\"type\":\"text\",\"props\":{\"column_breakpoint\":\"m\",\"content\":\"\n\n<h6 style=\\\"text-align: right;\\\">Bildnachweis Teamfotos: Andreas Schlieter | Andrea K\\u00fcppers<\\\/h6>\",\"margin\":\"default\"}}]}]}],\"name\":\"About\"},{\"type\":\"section\",\"props\":{\"animation\":\"slide-left-small\",\"image_position\":\"center-center\",\"padding\":\"large\",\"style\":\"muted\",\"title_breakpoint\":\"xl\",\"title_position\":\"top-left\",\"title_rotation\":\"left\",\"vertical_align\":\"\",\"width\":\"expand\"},\"children\":[{\"type\":\"row\",\"children\":[{\"type\":\"column\",\"props\":{\"image_position\":\"center-center\",\"padding\":\"none\",\"position_sticky_breakpoint\":\"m\",\"width_medium\":\"1-1\"},\"children\":[{\"type\":\"headline\",\"props\":{\"content\":\"Sie m\\u00f6chten uns eine Mitteilung senden?\",\"text_align\":\"center\",\"title_element\":\"h2\"}},{\"type\":\"button\",\"props\":{\"button_size\":\"large\",\"grid_column_gap\":\"small\",\"grid_row_gap\":\"small\",\"margin\":\"large\",\"text_align\":\"center\"},\"children\":[{\"type\":\"button_item\",\"props\":{\"button_style\":\"primary\",\"content\":\"Kontakt\",\"dialog_layout\":\"modal\",\"dialog_offcanvas_flip\":true,\"icon_align\":\"left\",\"link\":\"mailto:info@relevantfilm.de\"}}]}]}]}],\"name\":\"Call to Action\"}],\"version\":\"4.5.32\"} --><\/p>\n","protected":false},"excerpt":{"rendered":"<p>\u00dcber uns Wir arbeiten st\u00e4ndig an guter Unterhaltung. RELEVANT F!LM ist eine Marke f\u00fcr wesentliche Themen, sorgf\u00e4ltige Produktion und erfolgreiche Filme.Wir bieten hochwertige und kreative Unterhaltung, denn, wir sind \u00fcberzeugt: Unterhaltung macht Sinn und Sinn unterh\u00e4lt.Unsere Filme erz\u00e4hlen bewegende Geschichten mit emotionaler Kraft. Seit Gr\u00fcndung 1993 sind ann\u00e4hernd hundert Fernseh- und Kinoproduktionen entstanden. Neben unserem [&hellip;]<\/p>\n","protected":false},"author":3,"featured_media":0,"parent":0,"menu_order":4,"comment_status":"open","ping_status":"closed","template":"","meta":{"_acf_changed":false,"footnotes":""},"class_list":["post-4","page","type-page","status-publish","hentry"],"acf":[],"yoast_head":"<!-- This site is optimized with the Yoast SEO plugin v27.5 - https:\/\/yoast.com\/product\/yoast-seo-wordpress\/ -->\n<title>\u00dcber uns - Relevant Film Hamburg<\/title>\n<meta name=\"description\" content=\"Die Relevant Film- und Fernsehproduktion in Hamburg unter der Leitung der Produzenten Heike Wiehle-Timm besteht aus 7 Teammitgliedern.\" \/>\n<meta name=\"robots\" content=\"index, follow, max-snippet:-1, max-image-preview:large, max-video-preview:-1\" \/>\n<link rel=\"canonical\" href=\"https:\/\/relevantfilm.de\/?page_id=4\" \/>\n<meta property=\"og:locale\" content=\"de_DE\" \/>\n<meta property=\"og:type\" content=\"article\" \/>\n<meta property=\"og:title\" content=\"\u00dcber uns - Relevant Film Hamburg\" \/>\n<meta property=\"og:description\" content=\"Die Relevant Film- und Fernsehproduktion in Hamburg unter der Leitung der Produzenten Heike Wiehle-Timm besteht aus 7 Teammitgliedern.\" \/>\n<meta property=\"og:url\" content=\"https:\/\/relevantfilm.de\/?page_id=4\" \/>\n<meta property=\"og:site_name\" content=\"Relevant Film\" \/>\n<meta property=\"article:modified_time\" content=\"2025-11-06T14:15:37+00:00\" \/>\n<meta name=\"twitter:card\" content=\"summary_large_image\" \/>\n<meta name=\"twitter:label1\" content=\"Gesch\u00e4tzte Lesezeit\" \/>\n\t<meta name=\"twitter:data1\" content=\"4\u00a0Minuten\" \/>\n<script type=\"application\/ld+json\" class=\"yoast-schema-graph\">{\"@context\":\"https:\\\/\\\/schema.org\",\"@graph\":[{\"@type\":\"WebPage\",\"@id\":\"https:\\\/\\\/relevantfilm.de\\\/?page_id=4\",\"url\":\"https:\\\/\\\/relevantfilm.de\\\/?page_id=4\",\"name\":\"\u00dcber uns - Relevant Film Hamburg\",\"isPartOf\":{\"@id\":\"https:\\\/\\\/relevantfilm.de\\\/#website\"},\"datePublished\":\"2019-08-13T10:27:03+00:00\",\"dateModified\":\"2025-11-06T14:15:37+00:00\",\"description\":\"Die Relevant Film- und Fernsehproduktion in Hamburg unter der Leitung der Produzenten Heike Wiehle-Timm besteht aus 7 Teammitgliedern.\",\"breadcrumb\":{\"@id\":\"https:\\\/\\\/relevantfilm.de\\\/?page_id=4#breadcrumb\"},\"inLanguage\":\"de\",\"potentialAction\":[{\"@type\":\"ReadAction\",\"target\":[\"https:\\\/\\\/relevantfilm.de\\\/?page_id=4\"]}]},{\"@type\":\"BreadcrumbList\",\"@id\":\"https:\\\/\\\/relevantfilm.de\\\/?page_id=4#breadcrumb\",\"itemListElement\":[{\"@type\":\"ListItem\",\"position\":1,\"name\":\"Startseite\",\"item\":\"https:\\\/\\\/relevantfilm.de\\\/\"},{\"@type\":\"ListItem\",\"position\":2,\"name\":\"\u00dcber uns\"}]},{\"@type\":\"WebSite\",\"@id\":\"https:\\\/\\\/relevantfilm.de\\\/#website\",\"url\":\"https:\\\/\\\/relevantfilm.de\\\/\",\"name\":\"Relevant Film\",\"description\":\"Filmproduktion Hamburg\",\"potentialAction\":[{\"@type\":\"SearchAction\",\"target\":{\"@type\":\"EntryPoint\",\"urlTemplate\":\"https:\\\/\\\/relevantfilm.de\\\/?s={search_term_string}\"},\"query-input\":{\"@type\":\"PropertyValueSpecification\",\"valueRequired\":true,\"valueName\":\"search_term_string\"}}],\"inLanguage\":\"de\"}]}<\/script>\n<!-- \/ Yoast SEO plugin. -->","yoast_head_json":{"title":"\u00dcber uns - Relevant Film Hamburg","description":"Die Relevant Film- und Fernsehproduktion in Hamburg unter der Leitung der Produzenten Heike Wiehle-Timm besteht aus 7 Teammitgliedern.","robots":{"index":"index","follow":"follow","max-snippet":"max-snippet:-1","max-image-preview":"max-image-preview:large","max-video-preview":"max-video-preview:-1"},"canonical":"https:\/\/relevantfilm.de\/?page_id=4","og_locale":"de_DE","og_type":"article","og_title":"\u00dcber uns - Relevant Film Hamburg","og_description":"Die Relevant Film- und Fernsehproduktion in Hamburg unter der Leitung der Produzenten Heike Wiehle-Timm besteht aus 7 Teammitgliedern.","og_url":"https:\/\/relevantfilm.de\/?page_id=4","og_site_name":"Relevant Film","article_modified_time":"2025-11-06T14:15:37+00:00","twitter_card":"summary_large_image","twitter_misc":{"Gesch\u00e4tzte Lesezeit":"4\u00a0Minuten"},"schema":{"@context":"https:\/\/schema.org","@graph":[{"@type":"WebPage","@id":"https:\/\/relevantfilm.de\/?page_id=4","url":"https:\/\/relevantfilm.de\/?page_id=4","name":"\u00dcber uns - Relevant Film Hamburg","isPartOf":{"@id":"https:\/\/relevantfilm.de\/#website"},"datePublished":"2019-08-13T10:27:03+00:00","dateModified":"2025-11-06T14:15:37+00:00","description":"Die Relevant Film- und Fernsehproduktion in Hamburg unter der Leitung der Produzenten Heike Wiehle-Timm besteht aus 7 Teammitgliedern.","breadcrumb":{"@id":"https:\/\/relevantfilm.de\/?page_id=4#breadcrumb"},"inLanguage":"de","potentialAction":[{"@type":"ReadAction","target":["https:\/\/relevantfilm.de\/?page_id=4"]}]},{"@type":"BreadcrumbList","@id":"https:\/\/relevantfilm.de\/?page_id=4#breadcrumb","itemListElement":[{"@type":"ListItem","position":1,"name":"Startseite","item":"https:\/\/relevantfilm.de\/"},{"@type":"ListItem","position":2,"name":"\u00dcber uns"}]},{"@type":"WebSite","@id":"https:\/\/relevantfilm.de\/#website","url":"https:\/\/relevantfilm.de\/","name":"Relevant Film","description":"Filmproduktion Hamburg","potentialAction":[{"@type":"SearchAction","target":{"@type":"EntryPoint","urlTemplate":"https:\/\/relevantfilm.de\/?s={search_term_string}"},"query-input":{"@type":"PropertyValueSpecification","valueRequired":true,"valueName":"search_term_string"}}],"inLanguage":"de"}]}},"_links":{"self":[{"href":"https:\/\/relevantfilm.de\/index.php?rest_route=\/wp\/v2\/pages\/4","targetHints":{"allow":["GET"]}}],"collection":[{"href":"https:\/\/relevantfilm.de\/index.php?rest_route=\/wp\/v2\/pages"}],"about":[{"href":"https:\/\/relevantfilm.de\/index.php?rest_route=\/wp\/v2\/types\/page"}],"author":[{"embeddable":true,"href":"https:\/\/relevantfilm.de\/index.php?rest_route=\/wp\/v2\/users\/3"}],"replies":[{"embeddable":true,"href":"https:\/\/relevantfilm.de\/index.php?rest_route=%2Fwp%2Fv2%2Fcomments&post=4"}],"version-history":[{"count":98,"href":"https:\/\/relevantfilm.de\/index.php?rest_route=\/wp\/v2\/pages\/4\/revisions"}],"predecessor-version":[{"id":4265,"href":"https:\/\/relevantfilm.de\/index.php?rest_route=\/wp\/v2\/pages\/4\/revisions\/4265"}],"wp:attachment":[{"href":"https:\/\/relevantfilm.de\/index.php?rest_route=%2Fwp%2Fv2%2Fmedia&parent=4"}],"curies":[{"name":"wp","href":"https:\/\/api.w.org\/{rel}","templated":true}]}}